{"id":52107,"date":"2022-10-07T15:47:12","date_gmt":"2022-10-07T15:47:12","guid":{"rendered":"https:\/\/em.uatall.com\/servicio-a-la-comunidad\/"},"modified":"2025-07-10T14:12:34","modified_gmt":"2025-07-10T14:12:34","slug":"servicio-a-la-comunidad","status":"publish","type":"page","link":"https:\/\/em.uatall.com\/es\/servicio-a-la-comunidad\/","title":{"rendered":"Servicio a la Comunidad"},"content":{"rendered":"\t\t<div data-elementor-type=\"wp-page\" data-elementor-id=\"52107\" class=\"elementor elementor-52107 elementor-201\" data-elementor-settings=\"{&quot;ha_cmc_init_switcher&quot;:&quot;no&quot;}\" data-elementor-post-type=\"page\">\n\t\t\t\t\t\t<section class=\"elementor-section elementor-top-section elementor-element elementor-element-d7f4125 elementor-section-full_width elementor-reverse-mobile elementor-section-height-default elementor-section-height-default\" data-id=\"d7f4125\" data-element_type=\"section\" data-e-type=\"section\" data-settings=\"{&quot;_ha_eqh_enable&quot;:false}\">\n\t\t\t\t\t\t<div class=\"elementor-container elementor-column-gap-no\">\n\t\t\t\t\t<div class=\"elementor-column elementor-col-50 elementor-top-column elementor-element elementor-element-66c32a2\" data-id=\"66c32a2\" data-element_type=\"column\" data-e-type=\"column\">\n\t\t\t<div class=\"elementor-widget-wrap elementor-element-populated\">\n\t\t\t\t\t\t<div class=\"elementor-element elementor-element-9c00d02 hdng_lg cstm-temp-hdg elementor-invisible elementor-widget elementor-widget-heading\" data-id=\"9c00d02\" data-element_type=\"widget\" data-e-type=\"widget\" data-settings=\"{&quot;_animation&quot;:&quot;fadeInLeft&quot;}\" data-widget_type=\"heading.default\">\n\t\t\t\t<div class=\"elementor-widget-container\">\n\t\t\t\t\t<h1 class=\"elementor-heading-title elementor-size-default\">El bien mayor<\/h1>\t\t\t\t<\/div>\n\t\t\t\t<\/div>\n\t\t\t\t<div class=\"elementor-element elementor-element-733248c e-para elementor-invisible elementor-widget elementor-widget-text-editor\" data-id=\"733248c\" data-element_type=\"widget\" data-e-type=\"widget\" data-settings=\"{&quot;_animation&quot;:&quot;fadeInUp&quot;}\" data-widget_type=\"text-editor.default\">\n\t\t\t\t<div class=\"elementor-widget-container\">\n\t\t\t\t\t\t\t\t\t<p>Consideramos nuestros esfuerzos caritativos no s\u00f3lo como una esperanza para el futuro, sino como una responsabilidad para el presente. Retribuir a la comunidad es una de nuestras m\u00e1ximas prioridades. <\/p>\t\t\t\t\t\t\t\t<\/div>\n\t\t\t\t<\/div>\n\t\t\t\t\t<\/div>\n\t\t<\/div>\n\t\t\t\t<div class=\"elementor-column elementor-col-50 elementor-top-column elementor-element elementor-element-e49320d\" data-id=\"e49320d\" data-element_type=\"column\" data-e-type=\"column\" data-settings=\"{&quot;background_background&quot;:&quot;classic&quot;}\">\n\t\t\t<div class=\"elementor-widget-wrap elementor-element-populated\">\n\t\t\t\t\t\t<div class=\"elementor-element elementor-element-28a4e75 elementor-invisible elementor-widget elementor-widget-image\" data-id=\"28a4e75\" data-element_type=\"widget\" data-e-type=\"widget\" data-settings=\"{&quot;_animation&quot;:&quot;fadeIn&quot;}\" data-widget_type=\"image.default\">\n\t\t\t\t<div class=\"elementor-widget-container\">\n\t\t\t\t\t\t\t\t\t\t\t\t\t\t\t<img fetchpriority=\"high\" decoding=\"async\" width=\"961\" height=\"1177\" src=\"https:\/\/em.uatall.com\/wp-content\/uploads\/2022\/12\/Confrence-Shots-compressed1mb-1.png\" class=\"attachment-full size-full wp-image-49671\" alt=\"\" srcset=\"https:\/\/em.uatall.com\/wp-content\/uploads\/2022\/12\/Confrence-Shots-compressed1mb-1.png 961w, https:\/\/em.uatall.com\/wp-content\/uploads\/2022\/12\/Confrence-Shots-compressed1mb-1-245x300.png 245w, https:\/\/em.uatall.com\/wp-content\/uploads\/2022\/12\/Confrence-Shots-compressed1mb-1-836x1024.png 836w, https:\/\/em.uatall.com\/wp-content\/uploads\/2022\/12\/Confrence-Shots-compressed1mb-1-768x941.png 768w\" sizes=\"(max-width: 961px) 100vw, 961px\" \/>\t\t\t\t\t\t\t\t\t\t\t\t\t\t\t<\/div>\n\t\t\t\t<\/div>\n\t\t\t\t\t<\/div>\n\t\t<\/div>\n\t\t\t\t\t<\/div>\n\t\t<\/section>\n\t\t\t\t<section class=\"elementor-section elementor-top-section elementor-element elementor-element-ada3169 elementor-reverse-mobile elementor-section-boxed elementor-section-height-default elementor-section-height-default\" data-id=\"ada3169\" data-element_type=\"section\" data-e-type=\"section\" data-settings=\"{&quot;_ha_eqh_enable&quot;:false}\">\n\t\t\t\t\t\t<div class=\"elementor-container elementor-column-gap-no\">\n\t\t\t\t\t<div class=\"elementor-column elementor-col-50 elementor-top-column elementor-element elementor-element-afc6fbe\" data-id=\"afc6fbe\" data-element_type=\"column\" data-e-type=\"column\">\n\t\t\t<div class=\"elementor-widget-wrap elementor-element-populated\">\n\t\t\t\t\t\t<div class=\"elementor-element elementor-element-8d57651 hdng_lg cstm-temp-hdg elementor-invisible elementor-widget elementor-widget-heading\" data-id=\"8d57651\" data-element_type=\"widget\" data-e-type=\"widget\" data-settings=\"{&quot;_animation&quot;:&quot;fadeInLeft&quot;}\" data-widget_type=\"heading.default\">\n\t\t\t\t<div class=\"elementor-widget-container\">\n\t\t\t\t\t<h1 class=\"elementor-heading-title elementor-size-default\">Tenemos un equipo de gran coraz\u00f3n.<\/h1>\t\t\t\t<\/div>\n\t\t\t\t<\/div>\n\t\t\t\t<div class=\"elementor-element elementor-element-4afac4d e-para elementor-invisible elementor-widget elementor-widget-text-editor\" data-id=\"4afac4d\" data-element_type=\"widget\" data-e-type=\"widget\" data-settings=\"{&quot;_animation&quot;:&quot;fadeInUp&quot;}\" data-widget_type=\"text-editor.default\">\n\t\t\t\t<div class=\"elementor-widget-container\">\n\t\t\t\t\t\t\t\t\t<p>Esperamos inspirar a otros para que cambien el mundo dentro y fuera del mercado inmobiliario. Al asociarnos con organizaciones locales sin \u00e1nimo de lucro, estamos creando productos de pr\u00e9stamo para beneficiar a nuestras comunidades y ayudar a que prosperen nuestras ciudades natales. Nuestro director general forma parte de dos juntas locales que apoyan a la juventud de Nueva Orleans. Adem\u00e1s, reconoce a quienes dentro de la empresa tienen un impacto positivo en sus comunidades con nuestro premio Sunny Shannon.   <\/p>\t\t\t\t\t\t\t\t<\/div>\n\t\t\t\t<\/div>\n\t\t\t\t\t<\/div>\n\t\t<\/div>\n\t\t\t\t<div class=\"elementor-column elementor-col-50 elementor-top-column elementor-element elementor-element-ccfeda1\" data-id=\"ccfeda1\" data-element_type=\"column\" data-e-type=\"column\" data-settings=\"{&quot;background_background&quot;:&quot;classic&quot;}\">\n\t\t\t<div class=\"elementor-widget-wrap elementor-element-populated\">\n\t\t\t\t\t\t<div class=\"elementor-element elementor-element-9fd7e83 height_auto elementor-invisible elementor-widget elementor-widget-image\" data-id=\"9fd7e83\" data-element_type=\"widget\" data-e-type=\"widget\" data-settings=\"{&quot;_animation&quot;:&quot;fadeIn&quot;}\" data-widget_type=\"image.default\">\n\t\t\t\t<div class=\"elementor-widget-container\">\n\t\t\t\t\t\t\t\t\t\t\t\t\t\t\t<img decoding=\"async\" width=\"2080\" height=\"1672\" src=\"https:\/\/em.uatall.com\/wp-content\/uploads\/2023\/01\/community-service-blog-01.webp\" class=\"attachment-full size-full wp-image-49711\" alt=\"\" srcset=\"https:\/\/em.uatall.com\/wp-content\/uploads\/2023\/01\/community-service-blog-01.webp 2080w, https:\/\/em.uatall.com\/wp-content\/uploads\/2023\/01\/community-service-blog-01-300x241.webp 300w, https:\/\/em.uatall.com\/wp-content\/uploads\/2023\/01\/community-service-blog-01-1024x823.webp 1024w, https:\/\/em.uatall.com\/wp-content\/uploads\/2023\/01\/community-service-blog-01-768x617.webp 768w, https:\/\/em.uatall.com\/wp-content\/uploads\/2023\/01\/community-service-blog-01-1536x1235.webp 1536w, https:\/\/em.uatall.com\/wp-content\/uploads\/2023\/01\/community-service-blog-01-2048x1646.webp 2048w\" sizes=\"(max-width: 2080px) 100vw, 2080px\" \/>\t\t\t\t\t\t\t\t\t\t\t\t\t\t\t<\/div>\n\t\t\t\t<\/div>\n\t\t\t\t\t<\/div>\n\t\t<\/div>\n\t\t\t\t\t<\/div>\n\t\t<\/section>\n\t\t\t\t<section class=\"elementor-section elementor-top-section elementor-element elementor-element-0adcffe elementor-reverse-mobile elementor-section-boxed elementor-section-height-default elementor-section-height-default\" data-id=\"0adcffe\" data-element_type=\"section\" data-e-type=\"section\" data-settings=\"{&quot;_ha_eqh_enable&quot;:false}\">\n\t\t\t\t\t\t<div class=\"elementor-container elementor-column-gap-no\">\n\t\t\t\t\t<div class=\"elementor-column elementor-col-50 elementor-top-column elementor-element elementor-element-cf91759\" data-id=\"cf91759\" data-element_type=\"column\" data-e-type=\"column\" data-settings=\"{&quot;background_background&quot;:&quot;classic&quot;}\">\n\t\t\t<div class=\"elementor-widget-wrap elementor-element-populated\">\n\t\t\t\t\t\t<div class=\"elementor-element elementor-element-0b1304f height_auto elementor-invisible elementor-widget elementor-widget-image\" data-id=\"0b1304f\" data-element_type=\"widget\" data-e-type=\"widget\" data-settings=\"{&quot;_animation&quot;:&quot;fadeIn&quot;}\" data-widget_type=\"image.default\">\n\t\t\t\t<div class=\"elementor-widget-container\">\n\t\t\t\t\t\t\t\t\t\t\t\t\t\t\t<img decoding=\"async\" width=\"2176\" height=\"1551\" src=\"https:\/\/em.uatall.com\/wp-content\/uploads\/2023\/01\/community-service-blog-02.webp\" class=\"attachment-full size-full wp-image-49712\" alt=\"\" srcset=\"https:\/\/em.uatall.com\/wp-content\/uploads\/2023\/01\/community-service-blog-02.webp 2176w, https:\/\/em.uatall.com\/wp-content\/uploads\/2023\/01\/community-service-blog-02-300x214.webp 300w, https:\/\/em.uatall.com\/wp-content\/uploads\/2023\/01\/community-service-blog-02-1024x730.webp 1024w, https:\/\/em.uatall.com\/wp-content\/uploads\/2023\/01\/community-service-blog-02-768x547.webp 768w, https:\/\/em.uatall.com\/wp-content\/uploads\/2023\/01\/community-service-blog-02-1536x1095.webp 1536w, https:\/\/em.uatall.com\/wp-content\/uploads\/2023\/01\/community-service-blog-02-2048x1460.webp 2048w\" sizes=\"(max-width: 2176px) 100vw, 2176px\" \/>\t\t\t\t\t\t\t\t\t\t\t\t\t\t\t<\/div>\n\t\t\t\t<\/div>\n\t\t\t\t\t<\/div>\n\t\t<\/div>\n\t\t\t\t<div class=\"elementor-column elementor-col-50 elementor-top-column elementor-element elementor-element-72872fd\" data-id=\"72872fd\" data-element_type=\"column\" data-e-type=\"column\">\n\t\t\t<div class=\"elementor-widget-wrap elementor-element-populated\">\n\t\t\t\t\t\t<div class=\"elementor-element elementor-element-baaceee e-para elementor-invisible elementor-widget elementor-widget-text-editor\" data-id=\"baaceee\" data-element_type=\"widget\" data-e-type=\"widget\" data-settings=\"{&quot;_animation&quot;:&quot;fadeInUp&quot;}\" data-widget_type=\"text-editor.default\">\n\t\t\t\t<div class=\"elementor-widget-container\">\n\t\t\t\t\t\t\t\t\t<p>Estamos comprometidos a trabajar con organizaciones y con nuestros empleados para devolver algo. Nuestros esfuerzos han ido desde proporcionar comidas a escolares y enfermeras durante COVID. Tambi\u00e9n apoyamos a los trabajadores de la hosteler\u00eda de Luisiana y a sus familias entregando regalos a 71 familias y 172 ni\u00f1os durante COVID. Tambi\u00e9n proporcionamos comidas a m\u00e1s de 500 familias afectadas por los tornados de Tennessee y entregamos regalos de Navidad cada a\u00f1o a ni\u00f1os en acogida y ni\u00f1os necesitados.   <\/p>\t\t\t\t\t\t\t\t<\/div>\n\t\t\t\t<\/div>\n\t\t\t\t\t<\/div>\n\t\t<\/div>\n\t\t\t\t\t<\/div>\n\t\t<\/section>\n\t\t\t\t<section class=\"elementor-section elementor-top-section elementor-element elementor-element-99bc150 elementor-reverse-mobile elementor-section-boxed elementor-section-height-default elementor-section-height-default\" data-id=\"99bc150\" data-element_type=\"section\" data-e-type=\"section\" data-settings=\"{&quot;_ha_eqh_enable&quot;:false}\">\n\t\t\t\t\t\t<div class=\"elementor-container elementor-column-gap-no\">\n\t\t\t\t\t<div class=\"elementor-column elementor-col-100 elementor-top-column elementor-element elementor-element-97885ce\" data-id=\"97885ce\" data-element_type=\"column\" data-e-type=\"column\">\n\t\t\t<div class=\"elementor-widget-wrap elementor-element-populated\">\n\t\t\t\t\t\t<div class=\"elementor-element elementor-element-43a1462 hdng_lg cstm-temp-hdg elementor-invisible elementor-widget elementor-widget-heading\" data-id=\"43a1462\" data-element_type=\"widget\" data-e-type=\"widget\" data-settings=\"{&quot;_animation&quot;:&quot;fadeInLeft&quot;}\" data-widget_type=\"heading.default\">\n\t\t\t\t<div class=\"elementor-widget-container\">\n\t\t\t\t\t<h1 class=\"elementor-heading-title elementor-size-default\">Nuestros esfuerzos no acaban aqu\u00ed.<\/h1>\t\t\t\t<\/div>\n\t\t\t\t<\/div>\n\t\t\t\t<div class=\"elementor-element elementor-element-128f558 e-para elementor-invisible elementor-widget elementor-widget-text-editor\" data-id=\"128f558\" data-element_type=\"widget\" data-e-type=\"widget\" data-settings=\"{&quot;_animation&quot;:&quot;fadeInUp&quot;}\" data-widget_type=\"text-editor.default\">\n\t\t\t\t<div class=\"elementor-widget-container\">\n\t\t\t\t\t\t\t\t\t<p>Aprovechamos la fuerza num\u00e9rica de nuestro Rally de Ventas para retribuir a una escala mucho mayor. Cada a\u00f1o, durante nuestro Rally de Ventas, nuestros equipos se re\u00fanen para dedicar su tiempo a mejorar la vida de los dem\u00e1s. Estos esfuerzos han ido desde la construcci\u00f3n y donaci\u00f3n de bicicletas para ni\u00f1os necesitados, el envasado de 14.600 comidas para enviarlas a un pa\u00eds del Tercer Mundo y el envasado de comidas en mochilas para ni\u00f1os que no tienen suficiente comida en casa.  <\/p>\t\t\t\t\t\t\t\t<\/div>\n\t\t\t\t<\/div>\n\t\t\t\t<section class=\"elementor-section elementor-inner-section elementor-element elementor-element-202e1aee elementor-section-boxed elementor-section-height-default elementor-section-height-default\" data-id=\"202e1aee\" data-element_type=\"section\" data-e-type=\"section\" data-settings=\"{&quot;_ha_eqh_enable&quot;:false}\">\n\t\t\t\t\t\t<div class=\"elementor-container elementor-column-gap-default\">\n\t\t\t\t\t<div class=\"elementor-column elementor-col-50 elementor-inner-column elementor-element elementor-element-55a970e0\" data-id=\"55a970e0\" data-element_type=\"column\" data-e-type=\"column\">\n\t\t\t<div class=\"elementor-widget-wrap elementor-element-populated\">\n\t\t\t\t\t\t<div class=\"elementor-element elementor-element-4840b96 height_auto elementor-invisible elementor-widget elementor-widget-image\" data-id=\"4840b96\" data-element_type=\"widget\" data-e-type=\"widget\" data-settings=\"{&quot;_animation&quot;:&quot;fadeIn&quot;}\" data-widget_type=\"image.default\">\n\t\t\t\t<div class=\"elementor-widget-container\">\n\t\t\t\t\t\t\t\t\t\t\t\t\t\t\t<img loading=\"lazy\" decoding=\"async\" width=\"2114\" height=\"1620\" src=\"https:\/\/em.uatall.com\/wp-content\/uploads\/2023\/01\/community-service-blog-04.webp\" class=\"attachment-full size-full wp-image-49713\" alt=\"\" srcset=\"https:\/\/em.uatall.com\/wp-content\/uploads\/2023\/01\/community-service-blog-04.webp 2114w, https:\/\/em.uatall.com\/wp-content\/uploads\/2023\/01\/community-service-blog-04-300x230.webp 300w, https:\/\/em.uatall.com\/wp-content\/uploads\/2023\/01\/community-service-blog-04-1024x785.webp 1024w, https:\/\/em.uatall.com\/wp-content\/uploads\/2023\/01\/community-service-blog-04-768x589.webp 768w, https:\/\/em.uatall.com\/wp-content\/uploads\/2023\/01\/community-service-blog-04-1536x1177.webp 1536w, https:\/\/em.uatall.com\/wp-content\/uploads\/2023\/01\/community-service-blog-04-2048x1569.webp 2048w\" sizes=\"(max-width: 2114px) 100vw, 2114px\" \/>\t\t\t\t\t\t\t\t\t\t\t\t\t\t\t<\/div>\n\t\t\t\t<\/div>\n\t\t\t\t\t<\/div>\n\t\t<\/div>\n\t\t\t\t<div class=\"elementor-column elementor-col-50 elementor-inner-column elementor-element elementor-element-3847e1b\" data-id=\"3847e1b\" data-element_type=\"column\" data-e-type=\"column\">\n\t\t\t<div class=\"elementor-widget-wrap elementor-element-populated\">\n\t\t\t\t\t\t<div class=\"elementor-element elementor-element-b8d595d height_auto elementor-invisible elementor-widget elementor-widget-image\" data-id=\"b8d595d\" data-element_type=\"widget\" data-e-type=\"widget\" data-settings=\"{&quot;_animation&quot;:&quot;fadeIn&quot;}\" data-widget_type=\"image.default\">\n\t\t\t\t<div class=\"elementor-widget-container\">\n\t\t\t\t\t\t\t\t\t\t\t\t\t\t\t<img loading=\"lazy\" decoding=\"async\" width=\"2133\" height=\"1599\" src=\"https:\/\/em.uatall.com\/wp-content\/uploads\/2023\/01\/community-service-blog-03.webp\" class=\"attachment-full size-full wp-image-49714\" alt=\"\" srcset=\"https:\/\/em.uatall.com\/wp-content\/uploads\/2023\/01\/community-service-blog-03.webp 2133w, https:\/\/em.uatall.com\/wp-content\/uploads\/2023\/01\/community-service-blog-03-300x225.webp 300w, https:\/\/em.uatall.com\/wp-content\/uploads\/2023\/01\/community-service-blog-03-1024x768.webp 1024w, https:\/\/em.uatall.com\/wp-content\/uploads\/2023\/01\/community-service-blog-03-768x576.webp 768w, https:\/\/em.uatall.com\/wp-content\/uploads\/2023\/01\/community-service-blog-03-1536x1151.webp 1536w, https:\/\/em.uatall.com\/wp-content\/uploads\/2023\/01\/community-service-blog-03-2048x1535.webp 2048w\" sizes=\"(max-width: 2133px) 100vw, 2133px\" \/>\t\t\t\t\t\t\t\t\t\t\t\t\t\t\t<\/div>\n\t\t\t\t<\/div>\n\t\t\t\t\t<\/div>\n\t\t<\/div>\n\t\t\t\t\t<\/div>\n\t\t<\/section>\n\t\t\t\t\t<\/div>\n\t\t<\/div>\n\t\t\t\t\t<\/div>\n\t\t<\/section>\n\t\t\t\t<section class=\"elementor-section elementor-top-section elementor-element elementor-element-2d9c260 elementor-reverse-mobile elementor-section-boxed elementor-section-height-default elementor-section-height-default\" data-id=\"2d9c260\" data-element_type=\"section\" data-e-type=\"section\" data-settings=\"{&quot;_ha_eqh_enable&quot;:false}\">\n\t\t\t\t\t\t<div class=\"elementor-container elementor-column-gap-no\">\n\t\t\t\t\t<div class=\"elementor-column elementor-col-100 elementor-top-column elementor-element elementor-element-7dc98f8\" data-id=\"7dc98f8\" data-element_type=\"column\" data-e-type=\"column\">\n\t\t\t<div class=\"elementor-widget-wrap elementor-element-populated\">\n\t\t\t\t\t\t<div class=\"elementor-element elementor-element-ede7cf7 hdng_lg cstm-temp-hdg elementor-invisible elementor-widget elementor-widget-heading\" data-id=\"ede7cf7\" data-element_type=\"widget\" data-e-type=\"widget\" data-settings=\"{&quot;_animation&quot;:&quot;fadeInLeft&quot;}\" data-widget_type=\"heading.default\">\n\t\t\t\t<div class=\"elementor-widget-container\">\n\t\t\t\t\t<h1 class=\"elementor-heading-title elementor-size-default\">En Eustis Mortgage, nos apasiona servir a nuestra comunidad y a nuestros empleados.<\/h1>\t\t\t\t<\/div>\n\t\t\t\t<\/div>\n\t\t\t\t<div class=\"elementor-element elementor-element-098a033 e-para elementor-invisible elementor-widget elementor-widget-text-editor\" data-id=\"098a033\" data-element_type=\"widget\" data-e-type=\"widget\" data-settings=\"{&quot;_animation&quot;:&quot;fadeInUp&quot;}\" data-widget_type=\"text-editor.default\">\n\t\t\t\t<div class=\"elementor-widget-container\">\n\t\t\t\t\t\t\t\t\t<p>Por eso les pedimos que seleccionen organizaciones ben\u00e9ficas que quieran apoyar en sus comunidades locales. Creemos que las fiestas tienen que ver con la familia y con dar, as\u00ed que durante las fiestas Eustis Mortgage retribuye donando a las organizaciones seleccionadas por sus empleados. Ayudar a todos a hacer realidad el sue\u00f1o americano es nuestro prop\u00f3sito, pero tenemos la responsabilidad y el deseo de hacer m\u00e1s para influir positivamente y mejorar la vida de los dem\u00e1s.  <\/p>\t\t\t\t\t\t\t\t<\/div>\n\t\t\t\t<\/div>\n\t\t\t\t\t<\/div>\n\t\t<\/div>\n\t\t\t\t\t<\/div>\n\t\t<\/section>\n\t\t\t\t<section class=\"elementor-section elementor-top-section elementor-element elementor-element-4016053 elementor-section-full_width elementor-section-height-default elementor-section-height-default elementor-invisible\" data-id=\"4016053\" data-element_type=\"section\" data-e-type=\"section\" data-settings=\"{&quot;animation&quot;:&quot;fadeInUp&quot;,&quot;background_background&quot;:&quot;classic&quot;,&quot;_ha_eqh_enable&quot;:false}\">\n\t\t\t\t\t\t<div class=\"elementor-container elementor-column-gap-no\">\n\t\t\t\t\t<div class=\"elementor-column elementor-col-100 elementor-top-column elementor-element elementor-element-8340d7b\" data-id=\"8340d7b\" data-element_type=\"column\" data-e-type=\"column\">\n\t\t\t<div class=\"elementor-widget-wrap elementor-element-populated\">\n\t\t\t\t\t\t<div class=\"elementor-element elementor-element-d1ea937 elementor-widget elementor-widget-shortcode\" data-id=\"d1ea937\" data-element_type=\"widget\" data-e-type=\"widget\" data-widget_type=\"shortcode.default\">\n\t\t\t\t<div class=\"elementor-widget-container\">\n\t\t\t\t\t\t\t<div class=\"elementor-shortcode\"><\/div>\n\t\t\t\t\t\t<\/div>\n\t\t\t\t<\/div>\n\t\t\t\t\t<\/div>\n\t\t<\/div>\n\t\t\t\t\t<\/div>\n\t\t<\/section>\n\t\t\t\t<\/div>\n\t\t","protected":false},"excerpt":{"rendered":"<p>El bien mayor Consideramos nuestros esfuerzos caritativos no s\u00f3lo como una esperanza para el futuro, sino como una responsabilidad para el presente. Retribuir a la comunidad es una de nuestras m\u00e1ximas prioridades. Tenemos un equipo de gran coraz\u00f3n. Esperamos inspirar a otros para que cambien el mundo dentro y fuera del mercado inmobiliario. Al asociarnos [&hellip;]<\/p>\n","protected":false},"author":3,"featured_media":0,"parent":0,"menu_order":0,"comment_status":"closed","ping_status":"closed","template":"elementor_header_footer","meta":{"footnotes":""},"class_list":["post-52107","page","type-page","status-publish","hentry"],"_links":{"self":[{"href":"https:\/\/em.uatall.com\/es\/wp-json\/wp\/v2\/pages\/52107","targetHints":{"allow":["GET"]}}],"collection":[{"href":"https:\/\/em.uatall.com\/es\/wp-json\/wp\/v2\/pages"}],"about":[{"href":"https:\/\/em.uatall.com\/es\/wp-json\/wp\/v2\/types\/page"}],"author":[{"embeddable":true,"href":"https:\/\/em.uatall.com\/es\/wp-json\/wp\/v2\/users\/3"}],"replies":[{"embeddable":true,"href":"https:\/\/em.uatall.com\/es\/wp-json\/wp\/v2\/comments?post=52107"}],"version-history":[{"count":1,"href":"https:\/\/em.uatall.com\/es\/wp-json\/wp\/v2\/pages\/52107\/revisions"}],"predecessor-version":[{"id":52109,"href":"https:\/\/em.uatall.com\/es\/wp-json\/wp\/v2\/pages\/52107\/revisions\/52109"}],"wp:attachment":[{"href":"https:\/\/em.uatall.com\/es\/wp-json\/wp\/v2\/media?parent=52107"}],"curies":[{"name":"wp","href":"https:\/\/api.w.org\/{rel}","templated":true}]}}