{"id":51326,"date":"2022-10-12T21:25:33","date_gmt":"2022-10-12T21:25:33","guid":{"rendered":"https:\/\/em.uatall.com\/lo-que-dicen-los-propietarios\/"},"modified":"2025-07-02T00:06:32","modified_gmt":"2025-07-02T00:06:32","slug":"lo-que-dicen-los-propietarios","status":"publish","type":"page","link":"https:\/\/em.uatall.com\/es\/lo-que-dicen-los-propietarios\/","title":{"rendered":"Lo que dicen los propietarios"},"content":{"rendered":"\t\t<div data-elementor-type=\"wp-page\" data-elementor-id=\"51326\" class=\"elementor elementor-51326 elementor-1176\" data-elementor-settings=\"{&quot;ha_cmc_init_switcher&quot;:&quot;no&quot;}\" data-elementor-post-type=\"page\">\n\t\t\t\t\t\t<section class=\"elementor-section elementor-top-section elementor-element elementor-element-8ac05ca elementor-section-full_width elementor-section-height-default elementor-section-height-default\" data-id=\"8ac05ca\" data-element_type=\"section\" data-e-type=\"section\" data-settings=\"{&quot;background_background&quot;:&quot;classic&quot;,&quot;_ha_eqh_enable&quot;:false}\">\n\t\t\t\t\t\t\t<div class=\"elementor-background-overlay\"><\/div>\n\t\t\t\t\t\t\t<div class=\"elementor-container elementor-column-gap-default\">\n\t\t\t\t\t<div class=\"elementor-column elementor-col-100 elementor-top-column elementor-element elementor-element-4567b67\" data-id=\"4567b67\" data-element_type=\"column\" data-e-type=\"column\">\n\t\t\t<div class=\"elementor-widget-wrap elementor-element-populated\">\n\t\t\t\t\t\t<div class=\"elementor-element elementor-element-c99d020 cstm_resulthdng elementor-position-top elementor-widget elementor-widget-image-box\" data-id=\"c99d020\" data-element_type=\"widget\" data-e-type=\"widget\" data-widget_type=\"image-box.default\">\n\t\t\t\t<div class=\"elementor-widget-container\">\n\t\t\t\t\t<div class=\"elementor-image-box-wrapper\"><figure class=\"elementor-image-box-img\"><img fetchpriority=\"high\" decoding=\"async\" width=\"2560\" height=\"563\" src=\"https:\/\/em.uatall.com\/wp-content\/uploads\/2023\/02\/homeowners-saying-elements-02-scaled.webp\" class=\"attachment-full size-full wp-image-10265\" alt=\"\" srcset=\"https:\/\/em.uatall.com\/wp-content\/uploads\/2023\/02\/homeowners-saying-elements-02-scaled.webp 2560w, https:\/\/em.uatall.com\/wp-content\/uploads\/2023\/02\/homeowners-saying-elements-02-300x66.webp 300w, https:\/\/em.uatall.com\/wp-content\/uploads\/2023\/02\/homeowners-saying-elements-02-1024x225.webp 1024w, https:\/\/em.uatall.com\/wp-content\/uploads\/2023\/02\/homeowners-saying-elements-02-768x169.webp 768w, https:\/\/em.uatall.com\/wp-content\/uploads\/2023\/02\/homeowners-saying-elements-02-1536x338.webp 1536w, https:\/\/em.uatall.com\/wp-content\/uploads\/2023\/02\/homeowners-saying-elements-02-2048x450.webp 2048w\" sizes=\"(max-width: 2560px) 100vw, 2560px\" \/><\/figure><div class=\"elementor-image-box-content\"><h3 class=\"elementor-image-box-title\">LOS RESULTADOS EST\u00c1N EN<\/h3><p class=\"elementor-image-box-description\"><b>A nadie le gustan los fanfarrones,<\/b> as\u00ed que deja que nuestros innumerables clientes satisfechos de hablen mientras <b>nosotros, seguimos centr\u00e1ndonos en dar la cara.<\/b><\/p><\/div><\/div>\t\t\t\t<\/div>\n\t\t\t\t<\/div>\n\t\t\t\t<div class=\"elementor-element elementor-element-6c5641c elementor-widget elementor-widget-shortcode\" data-id=\"6c5641c\" data-element_type=\"widget\" data-e-type=\"widget\" data-widget_type=\"shortcode.default\">\n\t\t\t\t<div class=\"elementor-widget-container\">\n\t\t\t\t\t\t\t<div class=\"elementor-shortcode\"><\/div>\n\t\t\t\t\t\t<\/div>\n\t\t\t\t<\/div>\n\t\t\t\t\t<\/div>\n\t\t<\/div>\n\t\t\t\t\t<\/div>\n\t\t<\/section>\n\t\t\t\t<section class=\"elementor-section elementor-top-section elementor-element elementor-element-0e980ec elementor-section-full_width elementor-section-height-default elementor-section-height-default\" data-id=\"0e980ec\" data-element_type=\"section\" data-e-type=\"section\" data-settings=\"{&quot;background_background&quot;:&quot;classic&quot;,&quot;_ha_eqh_enable&quot;:false}\">\n\t\t\t\t\t\t<div class=\"elementor-container elementor-column-gap-no\">\n\t\t\t\t\t<div class=\"elementor-column elementor-col-50 elementor-top-column elementor-element elementor-element-16bef56\" data-id=\"16bef56\" data-element_type=\"column\" data-e-type=\"column\">\n\t\t\t<div class=\"elementor-widget-wrap elementor-element-populated\">\n\t\t\t\t\t\t<div class=\"elementor-element elementor-element-ece4ff5 elementor-widget elementor-widget-shortcode\" data-id=\"ece4ff5\" data-element_type=\"widget\" data-e-type=\"widget\" data-widget_type=\"shortcode.default\">\n\t\t\t\t<div class=\"elementor-widget-container\">\n\t\t\t\t\t\t\t<div class=\"elementor-shortcode\"><\/div>\n\t\t\t\t\t\t<\/div>\n\t\t\t\t<\/div>\n\t\t\t\t\t<\/div>\n\t\t<\/div>\n\t\t\t\t<div class=\"elementor-column elementor-col-50 elementor-top-column elementor-element elementor-element-d8a8ef2\" data-id=\"d8a8ef2\" data-element_type=\"column\" data-e-type=\"column\">\n\t\t\t<div class=\"elementor-widget-wrap elementor-element-populated\">\n\t\t\t\t\t\t<section class=\"elementor-section elementor-inner-section elementor-element elementor-element-eebcabb elementor-section-content-middle my-class elementor-section-height-min-height elementor-section-boxed elementor-section-height-default\" data-id=\"eebcabb\" data-element_type=\"section\" data-e-type=\"section\" data-settings=\"{&quot;sticky&quot;:&quot;top&quot;,&quot;sticky_on&quot;:[&quot;desktop&quot;,&quot;tablet&quot;],&quot;sticky_offset&quot;:20,&quot;sticky_parent&quot;:&quot;yes&quot;,&quot;_ha_eqh_enable&quot;:&quot;yes&quot;,&quot;_ha_eqh_to&quot;:&quot;widget&quot;,&quot;_ha_eqh_disable_on_tablet&quot;:&quot;no&quot;,&quot;_ha_eqh_disable_on_mobile&quot;:&quot;yes&quot;,&quot;sticky_effects_offset&quot;:0,&quot;sticky_anchor_link_offset&quot;:0}\">\n\t\t\t\t\t\t<div class=\"elementor-container elementor-column-gap-default\">\n\t\t\t\t\t<div class=\"elementor-column elementor-col-100 elementor-inner-column elementor-element elementor-element-c8c9b3f\" data-id=\"c8c9b3f\" data-element_type=\"column\" data-e-type=\"column\">\n\t\t\t<div class=\"elementor-widget-wrap elementor-element-populated\">\n\t\t\t\t\t\t<div class=\"elementor-element elementor-element-6313608 elementor-widget elementor-widget-heading\" data-id=\"6313608\" data-element_type=\"widget\" data-e-type=\"widget\" data-widget_type=\"heading.default\">\n\t\t\t\t<div class=\"elementor-widget-container\">\n\t\t\t\t\t<h2 class=\"elementor-heading-title elementor-size-default\">SALUDA<\/h2>\t\t\t\t<\/div>\n\t\t\t\t<\/div>\n\t\t\t\t<div class=\"elementor-element elementor-element-74c84db elementor-widget elementor-widget-heading\" data-id=\"74c84db\" data-element_type=\"widget\" data-e-type=\"widget\" data-widget_type=\"heading.default\">\n\t\t\t\t<div class=\"elementor-widget-container\">\n\t\t\t\t\t<h2 class=\"elementor-heading-title elementor-size-default\">A LOS MEJORES LOs DEL BIZ.<\/h2>\t\t\t\t<\/div>\n\t\t\t\t<\/div>\n\t\t\t\t<div class=\"elementor-element elementor-element-5c613e9 elementor-widget elementor-widget-text-editor\" data-id=\"5c613e9\" data-element_type=\"widget\" data-e-type=\"widget\" data-widget_type=\"text-editor.default\">\n\t\t\t\t<div class=\"elementor-widget-container\">\n\t\t\t\t\t\t\t\t\t<p>Comprar una casa es una de las mayores decisiones financieras que tomar\u00e1s en tu vida, as\u00ed que hag\u00e1moslo bien.<\/p><p>Ponte en contacto con un agente de pr\u00e9stamos para hablar de tus objetivos y crear una estrategia de pr\u00e9stamo ganadora.<\/p>\t\t\t\t\t\t\t\t<\/div>\n\t\t\t\t<\/div>\n\t\t\t\t<div data-ha-element-link=\"{&quot;url&quot;:&quot;\\\/lo-directory\\\/&quot;,&quot;is_external&quot;:&quot;&quot;,&quot;nofollow&quot;:&quot;&quot;}\" style=\"cursor: pointer\" class=\"elementor-element elementor-element-9c1c096 elementor-widget__width-initial elementor-widget elementor-widget-html\" data-id=\"9c1c096\" data-element_type=\"widget\" data-e-type=\"widget\" data-widget_type=\"html.default\">\n\t\t\t\t<div class=\"elementor-widget-container\">\n\t\t\t\t\t<div class=\"search_box\">\n\t\t\t\t\t<input type=\"text\" class=\"searchbox\" placeholder=\"Buscar por nombre o c\u00f3digo postal\">\n\t\t\t\t\t<div class=\"btn btn_common\">\n\t\t\t\t\t<i class=\"fa fa-thin fa-magnifying-glass\"><\/i>\n\t\t\t\t\t<\/div>\n\t\t\t\t\t<\/div>\t\t\t\t<\/div>\n\t\t\t\t<\/div>\n\t\t\t\t\t<\/div>\n\t\t<\/div>\n\t\t\t\t\t<\/div>\n\t\t<\/section>\n\t\t\t\t\t<\/div>\n\t\t<\/div>\n\t\t\t\t\t<\/div>\n\t\t<\/section>\n\t\t\t\t<section class=\"elementor-section elementor-top-section elementor-element elementor-element-26a795d elementor-section-full_width elementor-section-height-default elementor-section-height-default\" data-id=\"26a795d\" data-element_type=\"section\" data-e-type=\"section\" data-settings=\"{&quot;background_background&quot;:&quot;classic&quot;,&quot;_ha_eqh_enable&quot;:false}\">\n\t\t\t\t\t\t<div class=\"elementor-container elementor-column-gap-no\">\n\t\t\t\t\t<div class=\"elementor-column elementor-col-100 elementor-top-column elementor-element elementor-element-e0f2af1\" data-id=\"e0f2af1\" data-element_type=\"column\" data-e-type=\"column\">\n\t\t\t<div class=\"elementor-widget-wrap elementor-element-populated\">\n\t\t\t\t\t\t<div class=\"elementor-element elementor-element-11882fa elementor-widget elementor-widget-shortcode\" data-id=\"11882fa\" data-element_type=\"widget\" data-e-type=\"widget\" data-widget_type=\"shortcode.default\">\n\t\t\t\t<div class=\"elementor-widget-container\">\n\t\t\t\t\t\t\t<div class=\"elementor-shortcode\"><\/div>\n\t\t\t\t\t\t<\/div>\n\t\t\t\t<\/div>\n\t\t\t\t\t<\/div>\n\t\t<\/div>\n\t\t\t\t\t<\/div>\n\t\t<\/section>\n\t\t\t\t<\/div>\n\t\t","protected":false},"excerpt":{"rendered":"<p>LOS RESULTADOS EST\u00c1N EN A nadie le gustan los fanfarrones, as\u00ed que deja que nuestros innumerables clientes satisfechos de hablen mientras nosotros, seguimos centr\u00e1ndonos en dar la cara. SALUDA A LOS MEJORES LOs DEL BIZ. Comprar una casa es una de las mayores decisiones financieras que tomar\u00e1s en tu vida, as\u00ed que hag\u00e1moslo bien. Ponte [&hellip;]<\/p>\n","protected":false},"author":2,"featured_media":0,"parent":0,"menu_order":0,"comment_status":"closed","ping_status":"closed","template":"elementor_header_footer","meta":{"footnotes":""},"class_list":["post-51326","page","type-page","status-publish","hentry"],"_links":{"self":[{"href":"https:\/\/em.uatall.com\/es\/wp-json\/wp\/v2\/pages\/51326","targetHints":{"allow":["GET"]}}],"collection":[{"href":"https:\/\/em.uatall.com\/es\/wp-json\/wp\/v2\/pages"}],"about":[{"href":"https:\/\/em.uatall.com\/es\/wp-json\/wp\/v2\/types\/page"}],"author":[{"embeddable":true,"href":"https:\/\/em.uatall.com\/es\/wp-json\/wp\/v2\/users\/2"}],"replies":[{"embeddable":true,"href":"https:\/\/em.uatall.com\/es\/wp-json\/wp\/v2\/comments?post=51326"}],"version-history":[{"count":2,"href":"https:\/\/em.uatall.com\/es\/wp-json\/wp\/v2\/pages\/51326\/revisions"}],"predecessor-version":[{"id":52050,"href":"https:\/\/em.uatall.com\/es\/wp-json\/wp\/v2\/pages\/51326\/revisions\/52050"}],"wp:attachment":[{"href":"https:\/\/em.uatall.com\/es\/wp-json\/wp\/v2\/media?parent=51326"}],"curies":[{"name":"wp","href":"https:\/\/api.w.org\/{rel}","templated":true}]}}